{"id":8,"date":"2014-05-07T18:25:15","date_gmt":"2014-05-07T18:25:15","guid":{"rendered":"http:\/\/vmd.hr\/?page_id=8"},"modified":"2021-06-01T12:21:49","modified_gmt":"2021-06-01T10:21:49","slug":"planinarenje","status":"publish","type":"page","link":"https:\/\/vmd.hr\/hr\/home\/planinarenje\/","title":{"rendered":"PLANINARENJE"},"content":{"rendered":"<p>Pje\u0161ice istra\u017eujemo skrivene kutke prirodnih ljepota Hrvatske, istovremeno upoznaju\u0107i njenu kulturno-povijesnu, tradicijsku i gastro-enolo\u0161ku ba\u0161tinu. Dakle, aktivno, zabavno, pou\u010dno i ukusno!<\/p>\n<p>\u010cekaju nas izleti i vi\u0161ednevne ture \u2018svih razina, dostupne starima i mladima, planinarima i onima bez planinarskog iskustva, obiteljima s djecom i usamljenim \u0161eta\u010dima. Za najve\u0107i dio \u0161etnji ne\u0107e biti potrebna posebna oprema, velika fizi\u010dka pripremljenost i puno vremena \u2013 dovoljni su sun\u010dan dan, sklonost prema skitanju i malo avanturisti\u010dkog duha.\u2019 (Libricon.hr)<\/p>\n<p>U kategoriji pje\u0161a\u010dkih i planinarskih tura s ponosom predstavljamo i na\u0161e programe \u2018<em>Kratke \u0161etnje u pro\u0161lost<\/em>\u2019 te \u2018<em>\u0160to sam nau\u010dio na planini \u2013 u\u017eivo iz Gorskog kotara<\/em>\u2019, a za vi\u0161e informacija prou\u010dite na\u0161u ponudu. Pritom, za lak\u0161i odabir putovanja koje je upravo po va\u0161oj mjeri, preporu\u010dujemo pogledati i razradu zahtjevnosti tura na linku <a href=\"https:\/\/vmd.hr\/hr\/home\/planinarenje\/zahtjevnost-tura\/\" target=\"_blank\" rel=\"noopener\">ZAHTJEVNOST TURA<\/a><\/p>\n","protected":false},"excerpt":{"rendered":"<p>Pje\u0161ice istra\u017eujemo skrivene kutke prirodnih ljepota Hrvatske, istovremeno upoznaju\u0107i njenu kulturno-povijesnu, tradicijsku i gastro-enolo\u0161ku ba\u0161tinu. Dakle, aktivno, zabavno, pou\u010dno i ukusno! \u010cekaju nas izleti i vi\u0161ednevne ture \u2018svih razina, dostupne starima i mladima, planinarima i onima bez planinarskog iskustva, obiteljima s djecom i usamljenim \u0161eta\u010dima. Za najve\u0107i dio \u0161etnji ne\u0107e biti potrebna posebna oprema, velika fizi\u010dka pripremljenost i puno vremena \u2013 dovoljni su sun\u010dan dan, sklonost prema skitanju i malo avanturisti\u010dkog duha.\u2019 (Libricon.hr) U kategoriji pje\u0161a\u010dkih i planinarskih tura s ponosom predstavljamo i na\u0161e programe \u2018Kratke \u0161etnje u pro\u0161lost\u2019 te \u2018\u0160to sam nau\u010dio na planini \u2013 u\u017eivo iz Gorskog kotara\u2019, a za vi\u0161e informacija prou\u010dite na\u0161u ponudu. Pritom, za lak\u0161i odabir putovanja koje je upravo po va\u0161oj mjeri, preporu\u010dujemo pogledati i razradu zahtjevnosti tura na linku ZAHTJEVNOST TURA<\/p>\n","protected":false},"author":4,"featured_media":2061,"parent":74,"menu_order":1,"comment_status":"open","ping_status":"closed","template":"","meta":[],"_links":{"self":[{"href":"https:\/\/vmd.hr\/hr\/wp-json\/wp\/v2\/pages\/8"}],"collection":[{"href":"https:\/\/vmd.hr\/hr\/wp-json\/wp\/v2\/pages"}],"about":[{"href":"https:\/\/vmd.hr\/hr\/wp-json\/wp\/v2\/types\/page"}],"author":[{"embeddable":true,"href":"https:\/\/vmd.hr\/hr\/wp-json\/wp\/v2\/users\/4"}],"replies":[{"embeddable":true,"href":"https:\/\/vmd.hr\/hr\/wp-json\/wp\/v2\/comments?post=8"}],"version-history":[{"count":34,"href":"https:\/\/vmd.hr\/hr\/wp-json\/wp\/v2\/pages\/8\/revisions"}],"predecessor-version":[{"id":2329,"href":"https:\/\/vmd.hr\/hr\/wp-json\/wp\/v2\/pages\/8\/revisions\/2329"}],"up":[{"embeddable":true,"href":"https:\/\/vmd.hr\/hr\/wp-json\/wp\/v2\/pages\/74"}],"wp:featuredmedia":[{"embeddable":true,"href":"https:\/\/vmd.hr\/hr\/wp-json\/wp\/v2\/media\/2061"}],"wp:attachment":[{"href":"https:\/\/vmd.hr\/hr\/wp-json\/wp\/v2\/media?parent=8"}],"curies":[{"name":"wp","href":"https:\/\/api.w.org\/{rel}","templated":true}]}}