{"id":2384,"date":"2021-05-27T16:37:09","date_gmt":"2021-05-27T14:37:09","guid":{"rendered":"https:\/\/vmd.hr\/hr\/?page_id=2384"},"modified":"2021-05-27T16:50:20","modified_gmt":"2021-05-27T14:50:20","slug":"starim-cestama-do-mora","status":"publish","type":"page","link":"https:\/\/vmd.hr\/hr\/home\/projekti\/vmd-pustolovna-knjizara\/starim-cestama-do-mora\/","title":{"rendered":"Starim cestama do mora"},"content":{"rendered":"\n<h4>Lara \u010cernicki, Sta\u0161o Forenbaher<\/h4>\n\n\n\n<p><em>208 stranica, tvrdi uvez, 15.5 x 23.5 cm<\/em><\/p>\n\n\n\n<p>Ova knjiga namijenjena je svima onima koje zanima prirodna i kulturna ba\u0161tina Hrvatske, svima kojima put do mora ne zna\u010di utrku s vremenom, svima koji na povratku s mora \u017eele iskoristiti jo\u0161 nekoliko preostalih sati sun\u010danog vremena za izlet u prirodu, svima koji tra\u017ee trenutak mira i spokoja u osamljenoj kapelici pokraj rijeke\u2026 jednom rije\u010dju svima onima koji u\u017eivaju u lijepom.<\/p>\n\n\n\n<h2>O knjizi<\/h2>\n\n\n\n<p>Tijekom 18. i 19. stolje\u0107a kroz \u0161umovite predjele Gorskog kotara sagra\u0111ene su \u010detiri ceste koje su povezale Panonsku nizinu s Hrvatskim primorjem. Izgradnju Karoline, Jozefine, Lujzijane i Rudolfine pokrenuli su austrijski vladari po kojima su dobile svoja imena, no projektirali su ih ve\u0107inom hrvatski in\u017eenjeri i gradile ruke doma\u0107ih majstora i te\u017eaka te pripadaju hrvatskoj graditeljskoj i kulturnoj ba\u0161tini.<\/p>\n\n\n\n<p>Iako je donedavno sav promet prema moru tekao ovim starim prometnicama, mnogi ne znaju ni imena cesta kojima su se godinama vozili, a posebno ne kakvi se sve biseri kulturne i prirodne ba\u0161tine kriju uz njih. Knjiga&nbsp;<strong><em>Starim cestama do mora&nbsp;<\/em><\/strong>prvo je izdanje u kojem su detaljno opisane trase sve \u010detiri povijesne ceste, onako kako su gra\u0111ene, pobolj\u0161avane i mijenjane, sve do zadnjih varijanti koje su i danas u upotrebi.<br>Krenete li od Karlovca ka moru neoptere\u0107eni \u017eurbom i opremljeni ovom knjigom, otkrit \u0107ete kakve sve ljepote skrivaju predjeli jugozapadno od Karlovca.<\/p>\n\n\n\n<p>Ova knjiga stvarana je nekoliko godina, postupno i vrlo detaljno. Autori su prevalili tisu\u0107e kilometara autom, biciklima i pje\u0161ice, snimili desetak tisu\u0107a fotografija, prelistali brojne stare knjige i dokumente, provla\u010dili se kroz gusti\u0161e u potrazi za odba\u010denim miljokazima i u mahovinu zaraslim natpisima i u svako slovo knjige unijeli puno ljubavi i entuzijazma. Posebnu vrijednost knjige predstavljaju prikazi nekih gra\u0111evinskih spomenika koji se sada po prvi puta predstavljaju javnosti, kao i detaljni opisi dionica koje su ve\u0107 dugo izvan upotrebe i kojima se mo\u017ee pro\u0107i samo pje\u0161ice ili brdskim biciklom.<\/p>\n\n\n\n<p>Na starim cestama vi\u0161e nema puno prometa. Knjiga\u00a0<strong><em>Starim cestama do mora\u00a0<\/em><\/strong>poziva vas da se njima provezete opu\u0161teno, u\u017eivaju\u0107i u krajolicima, gra\u0111evinskom umije\u0107u i smislu za lijepo kojima su ih obilje\u017eili njihovi graditelji. Mo\u017eda \u0107ete barem nakratko osjetiti duh davnih vremena kada se putovalo ko\u010dijom i zapre\u017enim kolima, a udaljenost, brzina i vrijeme imali su posve druga\u010dije, danas ve\u0107 zaboravljeno zna\u010denje.<\/p>\n\n\n\n<p>Za kupnju naslova posjetite <a href=\"https:\/\/libricon.hr\/product\/starim-cestama-do-mora\/\" target=\"_blank\" rel=\"noreferrer noopener\">Libricon<\/a><\/p>\n","protected":false},"excerpt":{"rendered":"<h2>Starim cestama do mora<\/h2>\n<h4>Lara \u010cernicki, Sta\u0161o Forenbaher<\/h4>\n<p>Ova knjiga namijenjena je svima onima koje zanima prirodna i kulturna ba\u0161tina Hrvatske, svima kojima put do mora ne zna\u010di utrku s vremenom, svima koji na povratku s mora \u017eele iskoristiti jo\u0161 nekoliko preostalih sati sun\u010danog vremena za izlet u prirodu, svima koji tra\u017ee trenutak mira i spokoja u osamljenoj kapelici pokraj rijeke\u2026 jednom rije\u010dju svima onima koji u\u017eivaju u lijepom.<\/p>\n","protected":false},"author":4,"featured_media":2188,"parent":2180,"menu_order":0,"comment_status":"closed","ping_status":"closed","template":"","meta":[],"_links":{"self":[{"href":"https:\/\/vmd.hr\/hr\/wp-json\/wp\/v2\/pages\/2384"}],"collection":[{"href":"https:\/\/vmd.hr\/hr\/wp-json\/wp\/v2\/pages"}],"about":[{"href":"https:\/\/vmd.hr\/hr\/wp-json\/wp\/v2\/types\/page"}],"author":[{"embeddable":true,"href":"https:\/\/vmd.hr\/hr\/wp-json\/wp\/v2\/users\/4"}],"replies":[{"embeddable":true,"href":"https:\/\/vmd.hr\/hr\/wp-json\/wp\/v2\/comments?post=2384"}],"version-history":[{"count":4,"href":"https:\/\/vmd.hr\/hr\/wp-json\/wp\/v2\/pages\/2384\/revisions"}],"predecessor-version":[{"id":2394,"href":"https:\/\/vmd.hr\/hr\/wp-json\/wp\/v2\/pages\/2384\/revisions\/2394"}],"up":[{"embeddable":true,"href":"https:\/\/vmd.hr\/hr\/wp-json\/wp\/v2\/pages\/2180"}],"wp:featuredmedia":[{"embeddable":true,"href":"https:\/\/vmd.hr\/hr\/wp-json\/wp\/v2\/media\/2188"}],"wp:attachment":[{"href":"https:\/\/vmd.hr\/hr\/wp-json\/wp\/v2\/media?parent=2384"}],"curies":[{"name":"wp","href":"https:\/\/api.w.org\/{rel}","templated":true}]}}