{"id":2380,"date":"2021-05-27T16:31:21","date_gmt":"2021-05-27T14:31:21","guid":{"rendered":"https:\/\/vmd.hr\/hr\/?page_id=2380"},"modified":"2021-05-27T16:51:50","modified_gmt":"2021-05-27T14:51:50","slug":"starim-cestama-preko-velebita","status":"publish","type":"page","link":"https:\/\/vmd.hr\/hr\/home\/projekti\/vmd-pustolovna-knjizara\/starim-cestama-preko-velebita\/","title":{"rendered":"Starim cestama preko Velebita"},"content":{"rendered":"\n<h4>Lara \u010cernicki, Sta\u0161o Forenbaher<\/h4>\n\n\n\n<p>228 stranica, tvrdi uvez, 15.5 x 23.5 cm<br>Knjiga&nbsp;<strong><em>Starim cestama preko Velebita<\/em><\/strong>&nbsp;svojevrsni je nastavak knjige&nbsp;<strong><em>Starim cestama do mora<\/em><\/strong>&nbsp;koja se od objavljivanja do danas prodala u gotovo tri tisu\u0107e primjeraka. Koncept uspje\u0161no primijenjen u prvoj knjizi zadr\u017ean je i u ovoj \u2013 popularno napisan tekst o povijesnim cestama oko i preko Velebita, oboga\u0107en kvalitetnim fotografijama i preglednim kartama, a sve u formi bedekera koji \u010ditatelju otkriva znanu ali i onu skrivenu kulturnu, povijesnu i prirodnu ba\u0161tinu velebitskih i podvelebitskih krajeva.<\/p>\n\n\n\n<h2>O knjizi<\/h2>\n\n\n\n<p>Knjiga&nbsp;<strong><em>Starim cestama preko Velebita<\/em><\/strong>&nbsp;svojevrsni je nastavak knjige&nbsp;<strong><em>Starim cestama do mora<\/em><\/strong>&nbsp;koja se od objavljivanja do danas prodala u gotovo tri tisu\u0107e primjeraka. Koncept uspje\u0161no primijenjen u prvoj knjizi zadr\u017ean je i u ovoj \u2013 popularno napisan tekst o povijesnim cestama oko i preko Velebita, oboga\u0107en kvalitetnim fotografijama i preglednim kartama, a sve u formi bedekera koji \u010ditatelju otkriva znanu ali i onu skrivenu kulturnu, povijesnu i prirodnu ba\u0161tinu velebitskih i podvelebitskih krajeva.<\/p>\n\n\n\n<p>Opisane ceste sagra\u0111ene su u razdoblju od jednog i pol stolje\u0107a, od sredine 18. stolje\u0107a do kraja habsbur\u0161ke vladavine, i bile su ponajprije namijenjene planskom iskori\u0161tavanju velebitskih \u0161uma. Radi se o sedam planinskih prometnica koje vode preko glavnih velebitskih prijevoja \u2013 Vratnika, Oltara, Alana, Ba\u0161kih O\u0161tarija, Malog Halana i Prezida te uz gornji tok rijeke Zrmanje. Solidno napravljene ceste omogu\u0107ile su promet i zapre\u017enim kolima te time olak\u0161ale putovanje, preno\u0161enje po\u0161te i transport robe izme\u0111u Like i podgorskih luka. Osim popre\u010dnih, sagra\u0111ene su i tri va\u017ene prometnice koje uzdu\u017eno prate Velebit: Dalmatinska cesta kroz Liku, obalna cesta od Senja do Karlobaga i cesta koja vodi hrptom planine od Krasna do \u0160tirova\u010de.<\/p>\n\n\n\n<p>Nakon izgradnje, ceste su mnogo puta prilago\u0111avane novonastalim potrebama prometa, a njihove trase prelagane su kako bi se izbjegli najte\u017ei i najnepovoljniji odsje\u010dci. Neke od napu\u0161tenih dionica sa\u010duvale su se do danas u gotovo izvornom obliku kao dragocjeni spomenici ve\u0107 zaboravljenog, premda ne tako davno minulog vremena.<\/p>\n\n\n\n<p>Izgradnja i brojne rekonstrukcije velebitskih cesta ugrubo se mogu pratiti na starim zemljovidima, no podaci o njihovoj povijesti \u0161turi su i nepotpuni. Stoga su se autori zaputili na teren i sustavno obi\u0161li preko sedamsto kilometara tih starih prometnica. Od prikupljene gra\u0111e satkali su mozaik koji \u010ditaocima do\u010darava ovaj jedinstveni dio na\u0161e kulturne, povijesne i graditeljske ba\u0161tine. Prolaze\u0107i raznolikim i neobi\u010dno lijepim krajolicima, velebitske ceste odvesti \u0107e vas do na\u0161eg najve\u0107eg parka prirode, dva nacionalna parka, nekoliko posebno za\u0161ti\u0107enih prirodnih rezervata i mnogih nedovoljno poznatih tragova ljudske prisutnosti koja na tim prostorima se\u017ee duboko u pro\u0161lost.<\/p>\n\n\n\n<p>Za kupnju naslova posjetite <a href=\"https:\/\/libricon.hr\/product\/starim-cestama-preko-velebita\/\" target=\"_blank\" rel=\"noreferrer noopener\">Libricon<\/a><\/p>\n","protected":false},"excerpt":{"rendered":"<h2>Starim cestama preko Velebita<\/h2>\n<h4>Lara \u010cernicki, Sta\u0161o Forenbaher<\/h4>\n<p>Knjiga Starim cestama preko Velebita svojevrsni je nastavak knjige Starim cestama do mora koja se od objavljivanja do danas prodala u gotovo tri tisu\u0107e primjeraka. Koncept uspje\u0161no primijenjen u prvoj knjizi zadr\u017ean je i u ovoj \u2013 popularno napisan tekst o povijesnim cestama oko i preko Velebita, oboga\u0107en kvalitetnim fotografijama i preglednim kartama, a sve u formi bedekera koji \u010ditatelju otkriva znanu ali i onu skrivenu kulturnu, povijesnu i prirodnu ba\u0161tinu velebitskih i podvelebitskih krajeva.<\/p>\n","protected":false},"author":4,"featured_media":2381,"parent":2180,"menu_order":0,"comment_status":"closed","ping_status":"closed","template":"","meta":[],"_links":{"self":[{"href":"https:\/\/vmd.hr\/hr\/wp-json\/wp\/v2\/pages\/2380"}],"collection":[{"href":"https:\/\/vmd.hr\/hr\/wp-json\/wp\/v2\/pages"}],"about":[{"href":"https:\/\/vmd.hr\/hr\/wp-json\/wp\/v2\/types\/page"}],"author":[{"embeddable":true,"href":"https:\/\/vmd.hr\/hr\/wp-json\/wp\/v2\/users\/4"}],"replies":[{"embeddable":true,"href":"https:\/\/vmd.hr\/hr\/wp-json\/wp\/v2\/comments?post=2380"}],"version-history":[{"count":4,"href":"https:\/\/vmd.hr\/hr\/wp-json\/wp\/v2\/pages\/2380\/revisions"}],"predecessor-version":[{"id":2396,"href":"https:\/\/vmd.hr\/hr\/wp-json\/wp\/v2\/pages\/2380\/revisions\/2396"}],"up":[{"embeddable":true,"href":"https:\/\/vmd.hr\/hr\/wp-json\/wp\/v2\/pages\/2180"}],"wp:featuredmedia":[{"embeddable":true,"href":"https:\/\/vmd.hr\/hr\/wp-json\/wp\/v2\/media\/2381"}],"wp:attachment":[{"href":"https:\/\/vmd.hr\/hr\/wp-json\/wp\/v2\/media?parent=2380"}],"curies":[{"name":"wp","href":"https:\/\/api.w.org\/{rel}","templated":true}]}}