{"id":2289,"date":"2021-05-25T09:59:29","date_gmt":"2021-05-25T07:59:29","guid":{"rendered":"https:\/\/vmd.hr\/hr\/?page_id=2289"},"modified":"2021-05-27T16:52:39","modified_gmt":"2021-05-27T14:52:39","slug":"kratke-setnje-u-proslost","status":"publish","type":"page","link":"https:\/\/vmd.hr\/hr\/home\/projekti\/vmd-pustolovna-knjizara\/kratke-setnje-u-proslost\/","title":{"rendered":"Kratke \u0161etnje u pro\u0161lost"},"content":{"rendered":"\n<h4>Lara \u010cernicki, Sta\u0161o Forenbaher<\/h4>\n\n\n\n<p><em>256 stranica, tvrdi uvez, 15,5 x 23,5 cm<\/em><\/p>\n\n\n\n<p>Nakon \u0161to su u knjigama&nbsp;<em>Starim cestama do mora<\/em>&nbsp;i&nbsp;<em>Starim cestama preko Velebita<\/em>&nbsp;predstavili graditeljsku ba\u0161tinu starih cesta na podru\u010dju Gorskog kotara i Velebita, Lara \u010cernicki i Sta\u0161o Forenbaher pozivaju vas ovom knjigom da se uputite pje\u0161ice do brojnih i raznolikih povijesnih znamenitosti, smje\u0161tenih u privla\u010dnom prirodnom okoli\u0161u \u0161irom Hrvatske.<\/p>\n\n\n\n<h2>O knjizi<\/h2>\n\n\n\n<p>Knjiga&nbsp;<strong><em>Kratke \u0161etnje u pro\u0161lost<\/em><\/strong>&nbsp;sastoji se od 25 poglavlja, a svako od njih obuhva\u0107a jednu malu zemljopisnu cjelinu nazvanu po gradu, selu ili podru\u010dju iz kojih \u0161etnje polaze. Poglavlja zapo\u010dinju povijesnom pri\u010dom o ljudima i doga\u0111ajima vezanim uz taj kraj , a potom slijedi kratki prikaz ishodi\u0161nog mjesta i njegovih znamenitosti. U glavnom dijelu poglavlja opisane su dvije ili tri \u0161etnje koje vode do nekih od znamenitosti spomenutih u uvodnoj pri\u010di.&nbsp; Za svaku \u0161etnju navedeni su osnovni podaci: trajanje, duljina, visinska razlika, najpogodnije vrijeme, upozorenja te zanimljivosti blizini, a na posebnom linku navedenom na dnu ove stranice nalaze se GPS tragovi svih opisanih \u0161etnji.<\/p>\n\n\n\n<p>Knjigom&nbsp;<strong><em>Kratke \u0161etnje u pro\u0161lost<\/em><\/strong>&nbsp;obuhva\u0107ena je pozama\u0161na povijesna i arheolo\u0161ka ba\u0161tina Hrvatske: mno\u0161tvo srednjovjekovnih utvrda, dvoraca i starih gradova; crkve, kapelice i samostani; prapovijesna, gr\u010dka, rimska i srednjovjekovna arheolo\u0161ka nalazi\u0161ta; stare solane, kamenolomi, rudnici, svjetionici, groblja, mirila i stupovi srama. Svojim izborom autori su poku\u0161ali obuhvatiti sve krajeve Hrvatske, daju\u0107i pri tome prednost destinacijama \u010dije vrijednosti nisu dovoljno poznate. Nastojali su da \u0161etnje budu podjednako privla\u010dne izletnicima razli\u010ditih interesa i sklonosti,kako ljubiteljima prirode tako i onima koje zanimaju povijest i starine, da budu dostupne starima i mladima, planinarima i onima bez planinarskog iskustva, obiteljima s djecom i usamljenim \u0161eta\u010dima. Za najve\u0107i dio \u0161etnji \u010ditatelju ne\u0107e biti potrebna posebna oprema, velika fizi\u010dka pripremljenost i puno vremena \u2013 dovoljni su jedna sun\u010dana nedjelja, sklonost prema skitanju i malo avanturisti\u010dkog duha. U tom smislu ova je knjiga prikladna za gotovo svakog hoda\u010da.<\/p>\n\n\n\n<p>Ova se knjiga mo\u017ee smatrati&nbsp;<strong>svojevrsnim kulturno-povijesnim vodi\u010dem za hoda\u010de<\/strong>&nbsp;i namijenjena je svima koji svoje odlaske u prirodu \u017eele obogatiti otkrivanjem tragova pro\u0161losti.<\/p>\n\n\n\n<p>Zemljopisni prikaz podru\u010dja opisanih u knjizi prona\u0111ite\u00a0<strong><a href=\"https:\/\/libricon.hr\/wp-content\/uploads\/2020\/02\/Pregled-%C5%A1etnji-prednji.pdf\">ovdje<\/a><\/strong><br><strong>GPS tragove opisanih \u0161etnji preuzmite na\u00a0<a href=\"https:\/\/drive.google.com\/open?id=1nnSRuSgDr29W3m5l1D9cD21ZG4wRGaIn\">ovom linku<\/a><br><\/strong>Ako \u017eelite \u010duti \u0161to autori ka\u017eu o svojoj knjizi i njezinom nastanku, pogledajte prilog iz emisije Dobro jutro Hrvatska koji se nalazi na\u00a0<strong><a href=\"https:\/\/drive.google.com\/open?id=1TLIUimEh6HzoJnjzaMQamR_WYVN4FhCr\">ovom linku<\/a><\/strong><\/p>\n\n\n\n<p>Za kupnju naslova posjetite <a href=\"https:\/\/libricon.hr\/product\/kratke-setnje-u-proslost\/\" target=\"_blank\" rel=\"noreferrer noopener\">Libricon<\/a><\/p>\n","protected":false},"excerpt":{"rendered":"<h2>Kratke \u0161etnje u pro\u0161lost<\/h2>\n<h4>Lara \u010cernicki, Sta\u0161o Forenbaher<\/h4>\n<p>Nakon \u0161to su u knjigama Starim cestama do mora i Starim cestama preko Velebita predstavili graditeljsku ba\u0161tinu starih cesta na podru\u010dju Gorskog kotara i Velebita, Lara \u010cernicki i Sta\u0161o Forenbaher pozivaju vas ovom knjigom da se uputite pje\u0161ice do brojnih i raznolikih povijesnih znamenitosti, smje\u0161tenih u privla\u010dnom prirodnom okoli\u0161u \u0161irom Hrvatske.<\/p>\n","protected":false},"author":4,"featured_media":2185,"parent":2180,"menu_order":0,"comment_status":"closed","ping_status":"closed","template":"","meta":[],"_links":{"self":[{"href":"https:\/\/vmd.hr\/hr\/wp-json\/wp\/v2\/pages\/2289"}],"collection":[{"href":"https:\/\/vmd.hr\/hr\/wp-json\/wp\/v2\/pages"}],"about":[{"href":"https:\/\/vmd.hr\/hr\/wp-json\/wp\/v2\/types\/page"}],"author":[{"embeddable":true,"href":"https:\/\/vmd.hr\/hr\/wp-json\/wp\/v2\/users\/4"}],"replies":[{"embeddable":true,"href":"https:\/\/vmd.hr\/hr\/wp-json\/wp\/v2\/comments?post=2289"}],"version-history":[{"count":8,"href":"https:\/\/vmd.hr\/hr\/wp-json\/wp\/v2\/pages\/2289\/revisions"}],"predecessor-version":[{"id":2397,"href":"https:\/\/vmd.hr\/hr\/wp-json\/wp\/v2\/pages\/2289\/revisions\/2397"}],"up":[{"embeddable":true,"href":"https:\/\/vmd.hr\/hr\/wp-json\/wp\/v2\/pages\/2180"}],"wp:featuredmedia":[{"embeddable":true,"href":"https:\/\/vmd.hr\/hr\/wp-json\/wp\/v2\/media\/2185"}],"wp:attachment":[{"href":"https:\/\/vmd.hr\/hr\/wp-json\/wp\/v2\/media?parent=2289"}],"curies":[{"name":"wp","href":"https:\/\/api.w.org\/{rel}","templated":true}]}}