{"id":2180,"date":"2021-04-16T09:50:23","date_gmt":"2021-04-16T07:50:23","guid":{"rendered":"https:\/\/vmd.hr\/hr\/?page_id=2180"},"modified":"2021-05-27T16:42:06","modified_gmt":"2021-05-27T14:42:06","slug":"vmd-pustolovna-knjizara","status":"publish","type":"page","link":"https:\/\/vmd.hr\/hr\/home\/projekti\/vmd-pustolovna-knjizara\/","title":{"rendered":"VMD PUSTOLOVNA KNJI\u017dARA"},"content":{"rendered":"\n<p>Zasigurno ste ve\u0107 \u010duli poznatu izreku \u201ePutovanje od tisu\u0107u milja po\u010dinje prvim korakom\u201c (<em>Lao Tse<\/em>)?!<\/p>\n\n\n\n<p>VMD knji\u017eara osnovana je kako bi upravo taj \u201eprvi korak\u201c u va\u0161im putovanjima i novim avanturama mogli napraviti jo\u0161 u udobnosti va\u0161eg doma.<\/p>\n\n\n\n<p>\u017delimo vam da u na\u0161em izboru putopisa i vodi\u010da velikih hrvatskih i svjetskih putnika i avanturista prona\u0111ete inspiraciju za va\u0161e slijede\u0107e putovanje. Ukoliko ve\u0107 znate gdje putujete, u na\u0161oj ponudi geografskih karata potra\u017eite onu koja \u0107e vam pomo\u0107i da \u0161to kvalitetnije i sigurnije istra\u017eite podru\u010dje i isplanirate svoju avanturu.<\/p>\n\n\n\n<p>Na kraju, \u017eelimo vam da se zabavite i otvorite neke nove vidike \u010ditaju\u0107i o avanturama va\u0161ih prethodnika u svjetskim putovanjima, kao i nau\u010dite vi\u0161e o aktivnostima kojima se volite ili planirate baviti.<\/p>\n\n\n\n<p>Za sve naslove i geografske karte koje trenutno ne mo\u017eete prona\u0107i u ponudi VMD knji\u017eare, slobodno nam po\u0161aljite upit na e-mail ili nas nazovite u ured \u2013 VMD \u0107e se potruditi pomo\u0107i vam u va\u0161im istra\u017eivanjima \ud83d\ude42 !<\/p>\n\n\n\n<p><strong><em>DETALJNA PONUDA I CJENIK USKORO!<\/em><\/strong><\/p>\n","protected":false},"excerpt":{"rendered":"<p>Zasigurno ste ve\u0107 \u010duli poznatu izreku \u201ePutovanje od tisu\u0107u milja po\u010dinje prvim korakom\u201c (Lao Tse)?! VMD knji\u017eara osnovana je kako bi upravo taj \u201eprvi korak\u201c u va\u0161im putovanjima i novim avanturama mogli napraviti jo\u0161 u udobnosti va\u0161eg doma. \u017delimo vam da u na\u0161em izboru putopisa i vodi\u010da velikih hrvatskih i svjetskih putnika i avanturista prona\u0111ete inspiraciju za va\u0161e slijede\u0107e putovanje. Ukoliko ve\u0107 znate gdje putujete, u na\u0161oj ponudi geografskih karata potra\u017eite onu koja \u0107e vam pomo\u0107i da \u0161to kvalitetnije i sigurnije istra\u017eite podru\u010dje i isplanirate svoju avanturu. Na kraju, \u017eelimo vam da se zabavite i otvorite neke nove vidike \u010ditaju\u0107i o avanturama va\u0161ih prethodnika u svjetskim putovanjima, kao i nau\u010dite vi\u0161e o aktivnostima kojima se volite ili planirate baviti. Za sve naslove i geografske karte koje trenutno ne mo\u017eete prona\u0107i u ponudi VMD knji\u017eare, slobodno nam po\u0161aljite upit na e-mail ili nas nazovite u ured \u2013 VMD \u0107e se potruditi pomo\u0107i vam u va\u0161im istra\u017eivanjima \ud83d\ude42 ! DETALJNA PONUDA I CJENIK USKORO!<\/p>\n","protected":false},"author":4,"featured_media":2193,"parent":16,"menu_order":0,"comment_status":"open","ping_status":"closed","template":"","meta":[],"_links":{"self":[{"href":"https:\/\/vmd.hr\/hr\/wp-json\/wp\/v2\/pages\/2180"}],"collection":[{"href":"https:\/\/vmd.hr\/hr\/wp-json\/wp\/v2\/pages"}],"about":[{"href":"https:\/\/vmd.hr\/hr\/wp-json\/wp\/v2\/types\/page"}],"author":[{"embeddable":true,"href":"https:\/\/vmd.hr\/hr\/wp-json\/wp\/v2\/users\/4"}],"replies":[{"embeddable":true,"href":"https:\/\/vmd.hr\/hr\/wp-json\/wp\/v2\/comments?post=2180"}],"version-history":[{"count":3,"href":"https:\/\/vmd.hr\/hr\/wp-json\/wp\/v2\/pages\/2180\/revisions"}],"predecessor-version":[{"id":2184,"href":"https:\/\/vmd.hr\/hr\/wp-json\/wp\/v2\/pages\/2180\/revisions\/2184"}],"up":[{"embeddable":true,"href":"https:\/\/vmd.hr\/hr\/wp-json\/wp\/v2\/pages\/16"}],"wp:featuredmedia":[{"embeddable":true,"href":"https:\/\/vmd.hr\/hr\/wp-json\/wp\/v2\/media\/2193"}],"wp:attachment":[{"href":"https:\/\/vmd.hr\/hr\/wp-json\/wp\/v2\/media?parent=2180"}],"curies":[{"name":"wp","href":"https:\/\/api.w.org\/{rel}","templated":true}]}}