{"id":2163,"date":"2021-04-08T09:15:26","date_gmt":"2021-04-08T09:15:26","guid":{"rendered":"https:\/\/vmd.hr\/hr\/?page_id=2163"},"modified":"2021-05-24T14:35:21","modified_gmt":"2021-05-24T12:35:21","slug":"zahtjevnost-tura","status":"publish","type":"page","link":"https:\/\/vmd.hr\/hr\/home\/bicikliranje\/zahtjevnost-tura\/","title":{"rendered":"ZAHTJEVNOST TURA"},"content":{"rendered":"\n<p><strong>Zahtjevnost izleta i tura mjeri se na ljestvici 1-4.<\/strong><\/p>\n\n\n\n<p><strong><u>Za biciklisti\u010dke ture (B):<\/u><\/strong><\/p>\n\n\n\n<ul><li><strong>B1 <\/strong>= lagane vo\u017enje biciklom koje zahtijevaju samo osnovno biciklisti\u010dko iskustvo i tjelesnu formu te su pogodne i za obitelji s djecom od 12. god. nadalje \/10-30km,do +250m ukupnog uspona<\/li><\/ul>\n\n\n\n<ul><li><strong>B2 <\/strong>= lak\u0161e biciklisti\u010dke ture, koje zahtijevaju odre\u0111eno iskustvo u bicikliranju i razumnu razinu tjelesne forme \/30-50 km,do +500m ukupnog uspona<\/li><\/ul>\n\n\n\n<ul><li><strong>B3 <\/strong>= umjereno te\u0161ke biciklisti\u010dke ture, koje zahtijevaju solidno iskustvo u bicikliranju i dobru razinu tjelesne forme \/ 40-60km, do +1000m ukupnog uspona<\/li><\/ul>\n\n\n\n<ul><li><strong>B4<\/strong> = te\u0161ke i vrlo te\u0161ke biciklisti\u010dke ture pogodne samo za iskusne bicikliste, uz visoku razinu tjelesne forme \/ 70-120km, vi\u0161e od +1000m ukupnog uspona<\/li><\/ul>\n\n\n\n<p><\/p>\n\n\n\n<p>N.B. U slu\u010daju programa koji se izvode sa elektri\u010dnom biciklima (e-bike), du\u017eine tura i razine ukupnog uspona mogu biti ve\u0107e.<\/p>\n","protected":false},"excerpt":{"rendered":"<p>Zahtjevnost izleta i tura mjeri se na ljestvici 1-4. Za biciklisti\u010dke ture (B): B1 = lagane vo\u017enje biciklom koje zahtijevaju samo osnovno biciklisti\u010dko iskustvo i tjelesnu formu te su pogodne i za obitelji s djecom od 12. god. nadalje \/10-30km,do +250m ukupnog uspona B2 = lak\u0161e biciklisti\u010dke ture, koje zahtijevaju odre\u0111eno iskustvo u bicikliranju i razumnu razinu tjelesne forme \/30-50 km,do +500m ukupnog uspona B3 = umjereno te\u0161ke biciklisti\u010dke ture, koje zahtijevaju solidno iskustvo u bicikliranju i dobru razinu tjelesne forme \/ 40-60km, do +1000m ukupnog uspona B4 = te\u0161ke i vrlo te\u0161ke biciklisti\u010dke ture pogodne samo za iskusne bicikliste, uz visoku razinu tjelesne forme \/ 70-120km, vi\u0161e od +1000m ukupnog uspona N.B. U slu\u010daju programa koji se izvode sa elektri\u010dnom biciklima (e-bike), du\u017eine tura i razine ukupnog uspona mogu biti ve\u0107e.<\/p>\n","protected":false},"author":4,"featured_media":2235,"parent":10,"menu_order":8,"comment_status":"closed","ping_status":"closed","template":"","meta":[],"_links":{"self":[{"href":"https:\/\/vmd.hr\/hr\/wp-json\/wp\/v2\/pages\/2163"}],"collection":[{"href":"https:\/\/vmd.hr\/hr\/wp-json\/wp\/v2\/pages"}],"about":[{"href":"https:\/\/vmd.hr\/hr\/wp-json\/wp\/v2\/types\/page"}],"author":[{"embeddable":true,"href":"https:\/\/vmd.hr\/hr\/wp-json\/wp\/v2\/users\/4"}],"replies":[{"embeddable":true,"href":"https:\/\/vmd.hr\/hr\/wp-json\/wp\/v2\/comments?post=2163"}],"version-history":[{"count":3,"href":"https:\/\/vmd.hr\/hr\/wp-json\/wp\/v2\/pages\/2163\/revisions"}],"predecessor-version":[{"id":2270,"href":"https:\/\/vmd.hr\/hr\/wp-json\/wp\/v2\/pages\/2163\/revisions\/2270"}],"up":[{"embeddable":true,"href":"https:\/\/vmd.hr\/hr\/wp-json\/wp\/v2\/pages\/10"}],"wp:featuredmedia":[{"embeddable":true,"href":"https:\/\/vmd.hr\/hr\/wp-json\/wp\/v2\/media\/2235"}],"wp:attachment":[{"href":"https:\/\/vmd.hr\/hr\/wp-json\/wp\/v2\/media?parent=2163"}],"curies":[{"name":"wp","href":"https:\/\/api.w.org\/{rel}","templated":true}]}}