{"id":2162,"date":"2021-04-08T09:06:33","date_gmt":"2021-04-08T09:06:33","guid":{"rendered":"https:\/\/vmd.hr\/hr\/?page_id=2162"},"modified":"2021-05-24T14:28:54","modified_gmt":"2021-05-24T12:28:54","slug":"zahtjevnost-tura","status":"publish","type":"page","link":"https:\/\/vmd.hr\/hr\/home\/planinarenje\/zahtjevnost-tura\/","title":{"rendered":"ZAHTJEVNOST TURA"},"content":{"rendered":"\n<p><strong>Zahtjevnost izleta i tura mjeri se na ljestvici 1-4<\/strong><\/p>\n\n\n\n<p><strong><u>Za pje\u0161a\u010dke i planinarske ture (P)<\/u>:<\/strong><\/p>\n\n\n\n<ul><li><strong>P1 <\/strong>= lagane pje\u0161a\u010dke ture, \u010desto posjeti edukativnim stazama, pogodne i za planinarske po\u010detnike te obitelji s djecom od 10 god. nadalje \/ 5-8 km laganog terena, 1h30-2h30 aktivnosti, do +150m visinske razlike<\/li><li><strong>P2 <\/strong>= lak\u0161e planinarske ture, pogodne i za obitelji s djecom od 12 god. nadalje, uz osnovno planinarsko iskustvo i tjelesnu formu te naviku boravka u prirodi svakog od sudionika \/ 7-10km, 2h30-3h30 aktivnosti, do +350m visinske razlike<\/li><li><strong>P3 <\/strong>= umjereno te\u0161ke planinarske i treking ture, koje zahtijevaju solidno planinarsko iskustvo i dobru tjelesnu formu \/ 12-20km, 5h00-7h00 aktivnosti, do +1250m visinske razlike<\/li><li><strong>P4 <\/strong>= te\u0161ke i vrlo te\u0161ke planinarske i treking ture, pogodne samo za iskusnije planinare u dobroj tjelesnoj formi. U slu\u010daju da tura sadr\u017ei osigurani dio staze (sajla), feratu i sl., potrebna je i osnovna sklonost kretanju strmim terenima, a program se odvija isklju\u010divo u prisutnosti i uz vodstvo licenciranog vodi\u010da Hrvatskog planinarskog saveza (HPS) ili Saveza gorskih vodi\u010da Hrvatske (SGVH)\/ 20-25km, 6h00-8h00 aktivnosti, do +1750m visinske razlike<\/li><\/ul>\n","protected":false},"excerpt":{"rendered":"<p>Zahtjevnost izleta i tura mjeri se na ljestvici 1-4 Za pje\u0161a\u010dke i planinarske ture (P): P1 = lagane pje\u0161a\u010dke ture, \u010desto posjeti edukativnim stazama, pogodne i za planinarske po\u010detnike te obitelji s djecom od 10 god. nadalje \/ 5-8 km laganog terena, 1h30-2h30 aktivnosti, do +150m visinske razlike P2 = lak\u0161e planinarske ture, pogodne i za obitelji s djecom od 12 god. nadalje, uz osnovno planinarsko iskustvo i tjelesnu formu te naviku boravka u prirodi svakog od sudionika \/ 7-10km, 2h30-3h30 aktivnosti, do +350m visinske razlike P3 = umjereno te\u0161ke planinarske i treking ture, koje zahtijevaju solidno planinarsko iskustvo i dobru tjelesnu formu \/ 12-20km, 5h00-7h00 aktivnosti, do +1250m visinske razlike P4 = te\u0161ke i vrlo te\u0161ke planinarske i treking ture, pogodne samo za iskusnije planinare u dobroj tjelesnoj formi. U slu\u010daju da tura sadr\u017ei osigurani dio staze (sajla), feratu i sl., potrebna je i osnovna sklonost kretanju strmim terenima, a program se odvija isklju\u010divo u prisutnosti i uz vodstvo licenciranog vodi\u010da Hrvatskog planinarskog saveza (HPS) ili Saveza gorskih vodi\u010da Hrvatske (SGVH)\/ 20-25km, 6h00-8h00 aktivnosti, do +1750m visinske razlike<\/p>\n","protected":false},"author":4,"featured_media":2083,"parent":8,"menu_order":0,"comment_status":"closed","ping_status":"closed","template":"","meta":[],"_links":{"self":[{"href":"https:\/\/vmd.hr\/hr\/wp-json\/wp\/v2\/pages\/2162"}],"collection":[{"href":"https:\/\/vmd.hr\/hr\/wp-json\/wp\/v2\/pages"}],"about":[{"href":"https:\/\/vmd.hr\/hr\/wp-json\/wp\/v2\/types\/page"}],"author":[{"embeddable":true,"href":"https:\/\/vmd.hr\/hr\/wp-json\/wp\/v2\/users\/4"}],"replies":[{"embeddable":true,"href":"https:\/\/vmd.hr\/hr\/wp-json\/wp\/v2\/comments?post=2162"}],"version-history":[{"count":4,"href":"https:\/\/vmd.hr\/hr\/wp-json\/wp\/v2\/pages\/2162\/revisions"}],"predecessor-version":[{"id":2268,"href":"https:\/\/vmd.hr\/hr\/wp-json\/wp\/v2\/pages\/2162\/revisions\/2268"}],"up":[{"embeddable":true,"href":"https:\/\/vmd.hr\/hr\/wp-json\/wp\/v2\/pages\/8"}],"wp:featuredmedia":[{"embeddable":true,"href":"https:\/\/vmd.hr\/hr\/wp-json\/wp\/v2\/media\/2083"}],"wp:attachment":[{"href":"https:\/\/vmd.hr\/hr\/wp-json\/wp\/v2\/media?parent=2162"}],"curies":[{"name":"wp","href":"https:\/\/api.w.org\/{rel}","templated":true}]}}