{"id":2038,"date":"2021-03-17T11:33:55","date_gmt":"2021-03-17T11:33:55","guid":{"rendered":"https:\/\/vmd.hr\/hr\/?page_id=2038"},"modified":"2021-03-17T11:34:06","modified_gmt":"2021-03-17T11:34:06","slug":"tko-smo-mi","status":"publish","type":"page","link":"https:\/\/vmd.hr\/hr\/home\/o-nama\/tko-smo-mi\/","title":{"rendered":"TKO SMO MI?"},"content":{"rendered":"\n<p><strong>VMD Adventure Team:<\/strong><\/p>\n\n\n\n<p><strong>Laura Popovac \u2013 Izvr\u0161ni direktor &amp; voditelj programa \/&nbsp;<\/strong>Vi\u0161e od 10 godina razvoja, vo\u0111enja i upravljanja avanturisti\u010dkim, kulturnim i poslovnim putovanjima u VMD-u. Glavni koordinator za aktivnosti MICE \/ Biv\u0161i aktivni \u010dlan (i pro\u010delnik) planinarske sekcije kluba \u201eVELEBIT\u201c, Zagreb. U posljednjih nekoliko godina, ponosna majka i aktivna poslovna \u017eena, koja upravlja VMD timom, kako u idejama, tako i u funkcionalnosti ureda.<\/p>\n\n\n\n<p><strong>Edo Vri\u010di\u0107 \u2013 Voditelj programa &amp; marketin\u0161ki koordinator \/&nbsp;<\/strong>Skoro 10 godina vodi\u010d na putovanjima i aktivan u razvijanju avantura i kulturnih susreta. Glavni koordinator za marketin\u0161ke aktivnosti i standarde kvalitete u VMD timu \/ Edo strastveni je speleolog i planinar, aktivan \u010dlan Speleolo\u0161ke sekcije Planinarskog kluba Velebit. Slobodno vrijeme \u010desto provodi istra\u017euju\u0107i divlji teren dinarskih planina, iznad i pod zemljom. U\u017eiva u ljudima i dijeli ideje i znanja.<\/p>\n\n\n\n<p>Na kraju, va\u017eno je re\u0107i da i danas, 20. god. nakon osnutka na\u0161e agencije, \u010dlanovi VMD tima njeguju zdrav i aktivan na\u010din \u017eivota. \u010clanovi smo poznatih hrvatskih planinarskih dru\u0161tava (<a href=\"http:\/\/www.pdsvelebit.hr\/\">PDS Velebit<\/a>,&nbsp;<a href=\"http:\/\/www.hpdzeljeznicar.hr\/\">HPD \u017deljezni\u010dar<\/a>) i prijatelji sa \u010dlanovima drugih dru\u0161tava, bavimo se speleologijom, penjanjem, biciklizmom i planinarenjem, a ponosni smo i na vi\u0161estruku organizaciju skija\u0161kih programa za \u010dlanove&nbsp;<a href=\"http:\/\/www.gss.hr\/\">Hrvatske Gorske Slu\u017ebe Spa\u0161avanja<\/a>.<\/p>\n\n\n\n<p>Pozivamo vas da zajedno s nama krenete u avanturu zvanu putovanje!<\/p>\n\n\n\n<p>Va\u0161 VMD tim<\/p>\n","protected":false},"excerpt":{"rendered":"<p>VMD Adventure Team: Laura Popovac \u2013 Izvr\u0161ni direktor &amp; voditelj programa \/&nbsp;Vi\u0161e od 10 godina razvoja, vo\u0111enja i upravljanja avanturisti\u010dkim, kulturnim i poslovnim putovanjima u VMD-u. Glavni koordinator za aktivnosti MICE \/ Biv\u0161i aktivni \u010dlan (i pro\u010delnik) planinarske sekcije kluba \u201eVELEBIT\u201c, Zagreb. U posljednjih nekoliko godina, ponosna majka i aktivna poslovna \u017eena, koja upravlja VMD timom, kako u idejama, tako i u funkcionalnosti ureda. Edo Vri\u010di\u0107 \u2013 Voditelj programa &amp; marketin\u0161ki koordinator \/&nbsp;Skoro 10 godina vodi\u010d na putovanjima i aktivan u razvijanju avantura i kulturnih susreta. Glavni koordinator za marketin\u0161ke aktivnosti i standarde kvalitete u VMD timu \/ Edo strastveni je speleolog i planinar, aktivan \u010dlan Speleolo\u0161ke sekcije Planinarskog kluba Velebit. Slobodno vrijeme \u010desto provodi istra\u017euju\u0107i divlji teren dinarskih planina, iznad i pod zemljom. U\u017eiva u ljudima i dijeli ideje i znanja. Na kraju, va\u017eno je re\u0107i da i danas, 20. god. nakon osnutka na\u0161e agencije, \u010dlanovi VMD tima njeguju zdrav i aktivan na\u010din \u017eivota. \u010clanovi smo poznatih hrvatskih planinarskih dru\u0161tava (PDS Velebit,&nbsp;HPD \u017deljezni\u010dar) i prijatelji sa \u010dlanovima drugih dru\u0161tava, bavimo se speleologijom, penjanjem, biciklizmom i planinarenjem, a ponosni smo i na vi\u0161estruku organizaciju skija\u0161kih programa za \u010dlanove&nbsp;Hrvatske Gorske Slu\u017ebe Spa\u0161avanja. Pozivamo vas da zajedno s nama krenete u avanturu zvanu putovanje! Va\u0161 VMD tim<\/p>\n","protected":false},"author":4,"featured_media":0,"parent":18,"menu_order":0,"comment_status":"closed","ping_status":"closed","template":"","meta":[],"_links":{"self":[{"href":"https:\/\/vmd.hr\/hr\/wp-json\/wp\/v2\/pages\/2038"}],"collection":[{"href":"https:\/\/vmd.hr\/hr\/wp-json\/wp\/v2\/pages"}],"about":[{"href":"https:\/\/vmd.hr\/hr\/wp-json\/wp\/v2\/types\/page"}],"author":[{"embeddable":true,"href":"https:\/\/vmd.hr\/hr\/wp-json\/wp\/v2\/users\/4"}],"replies":[{"embeddable":true,"href":"https:\/\/vmd.hr\/hr\/wp-json\/wp\/v2\/comments?post=2038"}],"version-history":[{"count":1,"href":"https:\/\/vmd.hr\/hr\/wp-json\/wp\/v2\/pages\/2038\/revisions"}],"predecessor-version":[{"id":2039,"href":"https:\/\/vmd.hr\/hr\/wp-json\/wp\/v2\/pages\/2038\/revisions\/2039"}],"up":[{"embeddable":true,"href":"https:\/\/vmd.hr\/hr\/wp-json\/wp\/v2\/pages\/18"}],"wp:attachment":[{"href":"https:\/\/vmd.hr\/hr\/wp-json\/wp\/v2\/media?parent=2038"}],"curies":[{"name":"wp","href":"https:\/\/api.w.org\/{rel}","templated":true}]}}