{"id":2016,"date":"2021-03-17T10:36:52","date_gmt":"2021-03-17T10:36:52","guid":{"rendered":"https:\/\/vmd.hr\/hr\/?page_id=2016"},"modified":"2021-05-24T15:36:14","modified_gmt":"2021-05-24T13:36:14","slug":"rent-a-car","status":"publish","type":"page","link":"https:\/\/vmd.hr\/hr\/home\/poslovnjaci\/rent-a-car\/","title":{"rendered":"RENT-A-CAR"},"content":{"rendered":"\n<p><em>Ako \u017eelite biti neovisni i fleksibilni u svom putovanju, VMD vam nudi uslugu najma kvalitetnih vozila po povoljnim cijenama, u suradnji sa na\u0161im partnerom<a href=\"https:\/\/mack-concord.hr\/\" target=\"_blank\" rel=\"noreferrer noopener\"> MACK rent-a-car<\/a>. <\/em><\/p>\n\n\n\n<p><em>U\u0161tedite svoje vrijeme i javite na\u0161em timu ukoliko \u017eelite unajmiti vozilo \u2013 prona\u0107i \u0107emo optimalno rje\u0161enje za va\u0161e putovanje! Cijene najma vozila mo\u017eete vidjeti ovdje: VMD &amp; MACK RENT-A-CAR<\/em><\/p>\n\n\n\n<p><em>Za rezervacije, savjete oko vozila i tipa osiguranja i sl., VMD Adventure Travel Team vam stoji na raspolaganju!<\/em><\/p>\n","protected":false},"excerpt":{"rendered":"<p>Ako \u017eelite biti neovisni i fleksibilni u svom putovanju, VMD vam nudi uslugu najma kvalitetnih vozila po povoljnim cijenama, u suradnji sa na\u0161im partnerom MACK rent-a-car. U\u0161tedite svoje vrijeme i javite na\u0161em timu ukoliko \u017eelite unajmiti vozilo \u2013 prona\u0107i \u0107emo optimalno rje\u0161enje za va\u0161e putovanje! Cijene najma vozila mo\u017eete vidjeti ovdje: VMD &amp; MACK RENT-A-CAR Za rezervacije, savjete oko vozila i tipa osiguranja i sl., VMD Adventure Travel Team vam stoji na raspolaganju!<\/p>\n","protected":false},"author":4,"featured_media":2277,"parent":14,"menu_order":0,"comment_status":"closed","ping_status":"closed","template":"","meta":[],"_links":{"self":[{"href":"https:\/\/vmd.hr\/hr\/wp-json\/wp\/v2\/pages\/2016"}],"collection":[{"href":"https:\/\/vmd.hr\/hr\/wp-json\/wp\/v2\/pages"}],"about":[{"href":"https:\/\/vmd.hr\/hr\/wp-json\/wp\/v2\/types\/page"}],"author":[{"embeddable":true,"href":"https:\/\/vmd.hr\/hr\/wp-json\/wp\/v2\/users\/4"}],"replies":[{"embeddable":true,"href":"https:\/\/vmd.hr\/hr\/wp-json\/wp\/v2\/comments?post=2016"}],"version-history":[{"count":5,"href":"https:\/\/vmd.hr\/hr\/wp-json\/wp\/v2\/pages\/2016\/revisions"}],"predecessor-version":[{"id":2279,"href":"https:\/\/vmd.hr\/hr\/wp-json\/wp\/v2\/pages\/2016\/revisions\/2279"}],"up":[{"embeddable":true,"href":"https:\/\/vmd.hr\/hr\/wp-json\/wp\/v2\/pages\/14"}],"wp:featuredmedia":[{"embeddable":true,"href":"https:\/\/vmd.hr\/hr\/wp-json\/wp\/v2\/media\/2277"}],"wp:attachment":[{"href":"https:\/\/vmd.hr\/hr\/wp-json\/wp\/v2\/media?parent=2016"}],"curies":[{"name":"wp","href":"https:\/\/api.w.org\/{rel}","templated":true}]}}