{"id":189,"date":"2014-05-10T21:08:36","date_gmt":"2014-05-10T21:08:36","guid":{"rendered":"http:\/\/vmd.hr\/?page_id=189"},"modified":"2021-05-27T11:55:46","modified_gmt":"2021-05-27T09:55:46","slug":"kontakt","status":"publish","type":"page","link":"https:\/\/vmd.hr\/hr\/home\/o-nama\/kontakt\/","title":{"rendered":"KONTAKT"},"content":{"rendered":"<p>Radno vrijeme: ponedjeljak-petak 08:30-16:30<br \/>\nSubotom i nedjeljem ZATVORENO<\/p>\n<p>VMD d.o.o.<\/p>\n<p><a href=\"https:\/\/www.google.com\/maps\/place\/Horva%C4%87anska+cesta+17,+10000,+Zagreb\/@45.7873071,15.9506827,17.26z\/data=!4m5!3m4!1s0x4765d6a46a419d29:0x1e0076658758aa3!8m2!3d45.7873384!4d15.9517896\">Horva\u0107anska cesta 17, HR-10000 Zagreb<\/a><br \/>\nTel.: 01\/33 75 546<br \/>\nE-mail:&nbsp;<a href=\"mailto:vmd@vmd.hr\" target=\"_blank\" rel=\"noopener noreferrer\">vmd@vmd.hr<\/a><br \/>\nID HR-AB-01-080038509<br \/>\nUHPA member<u><\/u><u><\/u><\/p>\n<p>Voditelj poslovnice: Edo Vri\u010di\u0107<u><\/u><u><\/u><\/p>\n<p>Direktorica i ovla\u0161tena osoba za zastupanje: Laura Popovac<\/p>\n<p style=\"font-weight: 400;\">OBAVIJEST O NA\u010cINU PODNO\u0160ENJA PRIGOVORA POTRO\u0160A\u010cA<\/p>\n<p style=\"font-weight: 400;\">Temeljem \u010dlanka 8. Zakona o za\u0161titi potro\u0161a\u010da (Nar.nov.,br 79\/07.,125\/07.-isp.,79\/09. i 89\/09.-isp.), trgovac je du\u017ean potro\u0161a\u010dima omogu\u0107iti podno\u0161enje pisanih prigovora, bilo u prodajnom prostoru ili putem po\u0161te, telefaks ure\u0111aja ili elektroni\u010dke po\u0161te, te je na njih du\u017ean odgovoriti u roku od 15 dana od dana zaprimljenog prigovora. Trgovac je du\u017ean voditi i \u010duvati evidenciju pisanog prigovora potro\u0161a\u010da najmanje godinu dana od primitka prigovora potro\u0161a\u010da. Oblik vo\u0111enja ove evidencije nije propisan u obliku knjige \u017ealbe ili nekom drugom obliku, a trgovac je du\u017ean u prodajnim prostoru vidljivo istaknuti obavijest o na\u010dinu podno\u0161enja prigovora potro\u0161a\u010da.<\/p>\n<p style=\"font-weight: 400;\">Nov\u010danom kaznom u iznosu od 10.000 do 100.000 kuna kaznit \u0107e se za prekr\u0161aj pravna osoba ako postupi suprotno odredbama \u010dlanka 8. (ne omogu\u0107i prigovor, ne odgovori na prigovor i ne stavi obavijest o na\u010dinu podno\u0161enja prigovora). Za odgovornu osobu u pravnoj osobi propisana je kazna od 10.000 kuna do 15.000 kuna, za trgovca fizi\u010dku osobu nov\u010dana kazna od 5.000 do 15.000 kuna.<\/p>\n<p style=\"font-weight: 400;\">Obavijest koju je trgovac du\u017ean istaknuti mo\u017ee imati sljede\u0107i sadr\u017eaj:<\/p>\n<p style=\"font-weight: 400;\">OBAVIJEST O NA\u010cINU PODNO\u0160ENJA PRIGOVORA POTRO\u0160A\u010cA<\/p>\n<p style=\"font-weight: 400;\">Sukladno \u010dl.8. st 2. Zakona o za\u0161titi potro\u0161a\u010da (Nar.nov.,br 79\/07.,125\/07.-isp.,79\/09. i 89\/09.-isp.) obavje\u0161tavamo potro\u0161a\u010de da prigovor na kvalitetu na\u0161ih usluga mogu dostaviti u pisanom obliku na adresu:<\/p>\n<p style=\"font-weight: 400;\">VMD d.o.o.<br \/>\n<a href=\"https:\/\/www.google.com\/maps\/place\/Horva%C4%87anska+cesta+17,+10000,+Zagreb\/@45.7873071,15.9506827,17.26z\/data=!4m5!3m4!1s0x4765d6a46a419d29:0x1e0076658758aa3!8m2!3d45.7873384!4d15.9517896\">Zagreb<br \/>\n<\/a><a href=\"https:\/\/www.google.com\/maps\/place\/Horva%C4%87anska+cesta+17,+10000,+Zagreb\/@45.7873071,15.9506827,17.26z\/data=!4m5!3m4!1s0x4765d6a46a419d29:0x1e0076658758aa3!8m2!3d45.7873384!4d15.9517896\">Horva\u0107anska cesta 17<br \/>\n<\/a>e-mail adresa:&nbsp;<a href=\"mailto:vmd@vmd.hr\">vmd@vmd.hr<\/a><\/p>\n<p style=\"font-weight: 400;\">\n","protected":false},"excerpt":{"rendered":"<p>Radno vrijeme: ponedjeljak-petak 08:30-16:30 Subotom i nedjeljem ZATVORENO VMD d.o.o. Horva\u0107anska cesta 17, HR-10000 Zagreb Tel.: 01\/33 75 546 E-mail:&nbsp;vmd@vmd.hr ID HR-AB-01-080038509 UHPA member Voditelj poslovnice: Edo Vri\u010di\u0107 Direktorica i ovla\u0161tena osoba za zastupanje: Laura Popovac OBAVIJEST O NA\u010cINU PODNO\u0160ENJA PRIGOVORA POTRO\u0160A\u010cA Temeljem \u010dlanka 8. Zakona o za\u0161titi potro\u0161a\u010da (Nar.nov.,br 79\/07.,125\/07.-isp.,79\/09. i 89\/09.-isp.), trgovac je du\u017ean potro\u0161a\u010dima omogu\u0107iti podno\u0161enje pisanih prigovora, bilo u prodajnom prostoru ili putem po\u0161te, telefaks ure\u0111aja ili elektroni\u010dke po\u0161te, te je na njih du\u017ean odgovoriti u roku od 15 dana od dana zaprimljenog prigovora. Trgovac je du\u017ean voditi i \u010duvati evidenciju pisanog prigovora potro\u0161a\u010da najmanje godinu dana od primitka prigovora potro\u0161a\u010da. Oblik vo\u0111enja ove evidencije nije propisan u obliku knjige \u017ealbe ili nekom drugom obliku, a trgovac je du\u017ean u prodajnim prostoru vidljivo istaknuti obavijest o na\u010dinu podno\u0161enja prigovora potro\u0161a\u010da. Nov\u010danom kaznom u iznosu od 10.000 do 100.000 kuna kaznit \u0107e se za prekr\u0161aj pravna osoba ako postupi suprotno odredbama \u010dlanka 8. (ne omogu\u0107i prigovor, ne odgovori na prigovor i ne stavi obavijest o na\u010dinu podno\u0161enja prigovora). Za odgovornu osobu u pravnoj osobi propisana je kazna od 10.000 kuna do 15.000 kuna, za trgovca fizi\u010dku osobu nov\u010dana kazna od 5.000 do 15.000 kuna. Obavijest koju je trgovac du\u017ean istaknuti mo\u017ee imati sljede\u0107i sadr\u017eaj: OBAVIJEST O NA\u010cINU PODNO\u0160ENJA PRIGOVORA POTRO\u0160A\u010cA Sukladno \u010dl.8. st 2. Zakona o za\u0161titi potro\u0161a\u010da (Nar.nov.,br 79\/07.,125\/07.-isp.,79\/09. i 89\/09.-isp.) obavje\u0161tavamo potro\u0161a\u010de da prigovor na kvalitetu na\u0161ih usluga mogu dostaviti u pisanom obliku na adresu: VMD d.o.o. Zagreb Horva\u0107anska cesta 17 e-mail adresa:&nbsp;vmd@vmd.hr<\/p>\n","protected":false},"author":4,"featured_media":0,"parent":18,"menu_order":0,"comment_status":"open","ping_status":"closed","template":"","meta":[],"_links":{"self":[{"href":"https:\/\/vmd.hr\/hr\/wp-json\/wp\/v2\/pages\/189"}],"collection":[{"href":"https:\/\/vmd.hr\/hr\/wp-json\/wp\/v2\/pages"}],"about":[{"href":"https:\/\/vmd.hr\/hr\/wp-json\/wp\/v2\/types\/page"}],"author":[{"embeddable":true,"href":"https:\/\/vmd.hr\/hr\/wp-json\/wp\/v2\/users\/4"}],"replies":[{"embeddable":true,"href":"https:\/\/vmd.hr\/hr\/wp-json\/wp\/v2\/comments?post=189"}],"version-history":[{"count":9,"href":"https:\/\/vmd.hr\/hr\/wp-json\/wp\/v2\/pages\/189\/revisions"}],"predecessor-version":[{"id":1928,"href":"https:\/\/vmd.hr\/hr\/wp-json\/wp\/v2\/pages\/189\/revisions\/1928"}],"up":[{"embeddable":true,"href":"https:\/\/vmd.hr\/hr\/wp-json\/wp\/v2\/pages\/18"}],"wp:attachment":[{"href":"https:\/\/vmd.hr\/hr\/wp-json\/wp\/v2\/media?parent=189"}],"curies":[{"name":"wp","href":"https:\/\/api.w.org\/{rel}","templated":true}]}}