{"id":1824,"date":"2020-09-23T16:45:04","date_gmt":"2020-09-23T16:45:04","guid":{"rendered":"https:\/\/vmd.hr\/hr\/?page_id=1824"},"modified":"2021-05-27T09:05:11","modified_gmt":"2021-05-27T07:05:11","slug":"ostale-avanture","status":"publish","type":"page","link":"https:\/\/vmd.hr\/hr\/home\/ostale-avanture\/","title":{"rendered":"OSTALE AVANTURE"},"content":{"rendered":"\n<p>Ovog ljeta i jeseni \u010dekaju nas multi-activity ture i programi jedrenja na Jadranu, aktivan boravak u obiteljskim hotelima i smje\u0161tajima s karakterom, kao i programi upoznavanja hrvatske tradicijske ba\u0161tine. <\/p>\n\n\n\n<p>Uskoro vi\u0161e o programima na stranicama VMD-a!<\/p>\n","protected":false},"excerpt":{"rendered":"<p>Ovog ljeta i jeseni \u010dekaju nas multi-activity ture i programi jedrenja na Jadranu, aktivan boravak u obiteljskim hotelima i smje\u0161tajima s karakterom, kao i programi upoznavanja hrvatske tradicijske ba\u0161tine. Uskoro vi\u0161e o programima na stranicama VMD-a!<\/p>\n","protected":false},"author":4,"featured_media":2073,"parent":74,"menu_order":5,"comment_status":"closed","ping_status":"closed","template":"","meta":[],"_links":{"self":[{"href":"https:\/\/vmd.hr\/hr\/wp-json\/wp\/v2\/pages\/1824"}],"collection":[{"href":"https:\/\/vmd.hr\/hr\/wp-json\/wp\/v2\/pages"}],"about":[{"href":"https:\/\/vmd.hr\/hr\/wp-json\/wp\/v2\/types\/page"}],"author":[{"embeddable":true,"href":"https:\/\/vmd.hr\/hr\/wp-json\/wp\/v2\/users\/4"}],"replies":[{"embeddable":true,"href":"https:\/\/vmd.hr\/hr\/wp-json\/wp\/v2\/comments?post=1824"}],"version-history":[{"count":8,"href":"https:\/\/vmd.hr\/hr\/wp-json\/wp\/v2\/pages\/1824\/revisions"}],"predecessor-version":[{"id":2323,"href":"https:\/\/vmd.hr\/hr\/wp-json\/wp\/v2\/pages\/1824\/revisions\/2323"}],"up":[{"embeddable":true,"href":"https:\/\/vmd.hr\/hr\/wp-json\/wp\/v2\/pages\/74"}],"wp:featuredmedia":[{"embeddable":true,"href":"https:\/\/vmd.hr\/hr\/wp-json\/wp\/v2\/media\/2073"}],"wp:attachment":[{"href":"https:\/\/vmd.hr\/hr\/wp-json\/wp\/v2\/media?parent=1824"}],"curies":[{"name":"wp","href":"https:\/\/api.w.org\/{rel}","templated":true}]}}