{"id":18,"date":"2014-05-05T18:25:59","date_gmt":"2014-05-05T18:25:59","guid":{"rendered":"http:\/\/vmd.hr\/?page_id=18"},"modified":"2021-04-13T09:33:31","modified_gmt":"2021-04-13T09:33:31","slug":"o-nama","status":"publish","type":"page","link":"https:\/\/vmd.hr\/hr\/home\/o-nama\/","title":{"rendered":"O VMD-u"},"content":{"rendered":"<p><strong>VMD putni\u010dka agencija <\/strong>osnovana je 1992.god. u Zagrebu, kada je renomirani hrvatski alpinist i planinar, putnik, licencirani gorski vodi\u010d i pripadnik HGSS-a (stanica ZG), g. Vladimir Mesari\u0107, pretvorio svoje znanje i strast u posao.<\/p>\n<p>Od samih po\u010detaka VMD rastao je i razvijao se ukorak sa hrvatskim planinarima, skija\u0161ima, alpinistima i avanturistima. Avanture poput uspona na Kilimanjaro, trekkinga u Himalajama, planinarenja na Korzici i\/ili u austrijskim i francuskim Alpama postale su za\u0161titi znak VMD putni\u010dke agencije, ali i mjesto gdje su se VMD djelatnici upoznali sa vama, dragi putnici i avanturisti.<\/p>\n<p>Posebno smo ponosni na sudjelovanje i logisti\u010dku podr\u0161ku u projektu &#8220;<a href=\"http:\/\/www.stipebozic.com\/izdanja.php?p=101&amp;s=1012\">7 vrhova<\/a>&#8220;, najpoznatijeg hrvatskog alpinista i putopisca Stipe Bo\u017ei\u0107a.<\/p>\n<p>Nakon po\u010detnog usmjerenja na <strong>aktivni odmor<\/strong>, VMD je zapo\u010deo i sa organizacijama <strong>kvalitetnih team building programa<\/strong>, u svim dijelovima Hrvatske, a danas vam nudimo \u0161iroku paletu programa, podijeljenih prema vrstama aktivnosti, ali i prema \u017eeljenim rezultatima svakog pojedina\u010dnog programa.<\/p>\n<p>Tako\u0111er, od samog po\u010detka <strong>njegujemo i razvijamo programe i ponude za poslovne klijente<\/strong>, kojima nudimo \u0161irok raspon usluga, od avio i \u017eeljezni\u010dkih karata, smje\u0161taja, lokalnih transfera i razgleda do posjeta sajmovima i kongresima, itd.<\/p>\n<p>U zadnjih 10-ak godina VMD je veliku energiju, vrijeme i resure usmjerio i na <strong>organizaciju kvalitetnih kongresa i incentive programa<\/strong>, kako za hrvatske tako i za inozemne tvrtke.<\/p>\n<p>Neprestano <strong>radimo na edukaciji na\u0161ih zaposlenika i suradnika<\/strong>, a kao na\u0161e osnovne prednosti i razloge zbog kojih biste \u017eeljeli izabrati upravo VMD za va\u0161e putovanje ili poslovni projekt navodimo:<\/p>\n<ol>\n<li><strong>ZNANJE I ISKUSTVO<\/strong> \u2013 vi\u0161e od 20. god. iskustva u organizaciji najrazli\u010ditijih programa, od aktivnog odmora do poslovnih putovanja, team building programa , kongresa i sl.<\/li>\n<li><strong>FLEKSIBILNOST I POSVE\u0106ENOST KLIJENTU<\/strong> \u2013 na\u0161 iskusni tim u potpunosti se posve\u0107uje svakom klijentu te je spreman reagirati na razli\u010ditosti u va\u0161im \u017eeljama kao i na sve eventualne promjene i nepredvi\u0111ene okolnosti, brzo i efikasno, uz optimalan odnos cijene i kvalitete. Tako\u0111er, za razliku od \u201evelikih igra\u010da\u201c, VMD vrlo \u010desto programe koje prodaje stvara zajedno s klijentom ili grupom klijenata, kako bi program \u0161to bolje odgovarao vama, na\u0161im putnicima. Primjer su i mnogobrojne planinarske ture koje smo kreirali i i uspje\u0161no izveli sa \u010dlanovima raznih hrvatskih planinarskih dru\u0161tava (<a href=\"http:\/\/www.pd-naftaplin.hr\/\">PD Naftaplin<\/a>, <a href=\"http:\/\/www.hpd-kapela.hr\/hr\/\">HPD Kapela<\/a>, <a href=\"http:\/\/www.zagreb-matica.hr\/\">HPD Zagreb-Matica<\/a> i dr.).<\/li>\n<li><strong>SIGURNOST<\/strong> \u2013 VMD putni\u010dka agencija registrirana je turisti\u010dka agencija koja posjeduje sve certifikate i osiguranja koja vam jam\u010de sigurnost va\u0161eg novca i putovanja. Na\u0161e poslovanje osigurano je u <a href=\"http:\/\/www.allianz.hr\/\">Allianz<\/a> osiguravateljskoj ku\u0107i, sinomimu za sigurnost u svijetu. Dugogodi\u0161nji smo \u010dlan <a href=\"http:\/\/www.uhpa.hr\/\">Udruge hrvatskih putni\u010dkih agencija (UHPA)<\/a>, koja neprestano radi na pobolj\u0161anju kvalitete rada svojih \u010dlanica, a ponosni smo i na ekolo\u0161ku komponentu na\u0161eg poslovanja, \u0161to pokazujemo i aktivnim sudjelovanjem u <a href=\"http:\/\/www.travelife.info\/index.php?menu=home&amp;lang=hr\">Travelife sustavu odr\u017eivog poslovanja<\/a>.<\/li>\n<\/ol>\n<p><strong><br \/>\nVMD Adventure Team:<\/strong><\/p>\n<p><strong>Laura Popovac \u2013 Izvr\u0161ni direktor &amp; voditelj programa \/ <\/strong>Vi\u0161e od 10 godina razvoja, vo\u0111enja i upravljanja avanturisti\u010dkim, kulturnim i poslovnim putovanjima u VMD-u. Glavni koordinator za aktivnosti MICE \/ Biv\u0161i aktivni \u010dlan (i pro\u010delnik) planinarske sekcije kluba \u201eVELEBIT\u201c, Zagreb. U posljednjih nekoliko godina, ponosna majka i aktivna poslovna \u017eena, koja upravlja VMD timom, kako u idejama, tako i u funkcionalnosti ureda.<\/p>\n<p><strong>Edo Vri\u010di\u0107 \u2013 Voditelj programa &amp; marketin\u0161ki koordinator \/ <\/strong>Skoro 10 godina vodi\u010d na putovanjima i aktivan u razvijanju avantura i kulturnih susreta. Glavni koordinator za marketin\u0161ke aktivnosti i standarde kvalitete u VMD timu \/ Edo strastveni je speleolog i planinar, aktivan \u010dlan Speleolo\u0161ke sekcije Planinarskog kluba Velebit. Slobodno vrijeme \u010desto provodi istra\u017euju\u0107i divlji teren dinarskih planina, iznad i pod zemljom. U\u017eiva u ljudima i dijeli ideje i znanja.<\/p>\n<p>Na kraju, va\u017eno je re\u0107i da i danas, 20. god. nakon osnutka na\u0161e agencije, \u010dlanovi VMD tima njeguju zdrav i aktivan na\u010din \u017eivota. \u010clanovi smo poznatih hrvatskih planinarskih dru\u0161tava (<a href=\"http:\/\/www.pdsvelebit.hr\/\">PDS Velebit<\/a>, <a href=\"http:\/\/www.hpdzeljeznicar.hr\/\">HPD \u017deljezni\u010dar<\/a>) i prijatelji sa \u010dlanovima drugih dru\u0161tava, bavimo se speleologijom, penjanjem, biciklizmom i planinarenjem, a ponosni smo i na vi\u0161estruku organizaciju skija\u0161kih programa za \u010dlanove <a href=\"http:\/\/www.gss.hr\/\">Hrvatske Gorske Slu\u017ebe Spa\u0161avanja<\/a>.<\/p>\n<p>Pozivamo vas da zajedno s nama krenete u avanturu zvanu putovanje!<\/p>\n<p>Va\u0161 VMD tim<\/p>\n","protected":false},"excerpt":{"rendered":"<p>VMD putni\u010dka agencija osnovana je 1992.god. u Zagrebu, kada je renomirani hrvatski alpinist i planinar, putnik, licencirani gorski vodi\u010d i pripadnik HGSS-a (stanica ZG), g. Vladimir Mesari\u0107, pretvorio svoje znanje i strast u posao. Od samih po\u010detaka VMD rastao je i razvijao se ukorak sa hrvatskim planinarima, skija\u0161ima, alpinistima i avanturistima. Avanture poput uspona na Kilimanjaro, trekkinga u Himalajama, planinarenja na Korzici i\/ili u austrijskim i francuskim Alpama postale su za\u0161titi znak VMD putni\u010dke agencije, ali i mjesto gdje su se VMD djelatnici upoznali sa vama, dragi putnici i avanturisti. Posebno smo ponosni na sudjelovanje i logisti\u010dku podr\u0161ku u projektu &#8220;7 vrhova&#8220;, najpoznatijeg hrvatskog alpinista i putopisca Stipe Bo\u017ei\u0107a. Nakon po\u010detnog usmjerenja na aktivni odmor, VMD je zapo\u010deo i sa organizacijama kvalitetnih team building programa, u svim dijelovima Hrvatske, a danas vam nudimo \u0161iroku paletu programa, podijeljenih prema vrstama aktivnosti, ali i prema \u017eeljenim rezultatima svakog pojedina\u010dnog programa. Tako\u0111er, od samog po\u010detka njegujemo i razvijamo programe i ponude za poslovne klijente, kojima nudimo \u0161irok raspon usluga, od avio i \u017eeljezni\u010dkih karata, smje\u0161taja, lokalnih transfera i razgleda do posjeta sajmovima i kongresima, itd. U zadnjih 10-ak godina VMD je veliku energiju, vrijeme i resure usmjerio i na organizaciju kvalitetnih kongresa i incentive programa, kako za hrvatske tako i za inozemne tvrtke. Neprestano radimo na edukaciji na\u0161ih zaposlenika i suradnika, a kao na\u0161e osnovne prednosti i razloge zbog kojih biste \u017eeljeli izabrati upravo VMD za va\u0161e putovanje ili poslovni projekt navodimo: ZNANJE I ISKUSTVO \u2013 vi\u0161e od 20. god. iskustva u organizaciji najrazli\u010ditijih programa, od aktivnog odmora do poslovnih putovanja, team building programa , kongresa i sl. FLEKSIBILNOST I POSVE\u0106ENOST KLIJENTU \u2013 na\u0161 iskusni tim u potpunosti se posve\u0107uje svakom klijentu te je spreman reagirati na razli\u010ditosti u va\u0161im \u017eeljama kao i na sve eventualne promjene i nepredvi\u0111ene okolnosti, brzo i efikasno, uz optimalan odnos cijene i kvalitete. Tako\u0111er, za razliku od \u201evelikih igra\u010da\u201c, VMD vrlo \u010desto programe koje prodaje stvara zajedno s klijentom ili grupom klijenata, kako bi program \u0161to bolje odgovarao vama, na\u0161im putnicima. Primjer su i mnogobrojne planinarske ture koje smo kreirali i i uspje\u0161no izveli sa \u010dlanovima raznih hrvatskih planinarskih dru\u0161tava (PD Naftaplin, HPD Kapela, HPD Zagreb-Matica i dr.). SIGURNOST \u2013 VMD putni\u010dka agencija registrirana je turisti\u010dka agencija koja posjeduje sve certifikate i osiguranja koja vam jam\u010de sigurnost va\u0161eg novca i putovanja. Na\u0161e poslovanje osigurano je u Allianz osiguravateljskoj ku\u0107i, sinomimu za sigurnost u svijetu. Dugogodi\u0161nji smo \u010dlan Udruge hrvatskih putni\u010dkih agencija (UHPA), koja neprestano radi na pobolj\u0161anju kvalitete rada svojih \u010dlanica, a ponosni smo i na ekolo\u0161ku komponentu na\u0161eg poslovanja, \u0161to pokazujemo i aktivnim sudjelovanjem u Travelife sustavu odr\u017eivog poslovanja. VMD Adventure Team: Laura Popovac \u2013 Izvr\u0161ni direktor &amp; voditelj programa \/ Vi\u0161e od 10 godina razvoja, vo\u0111enja i upravljanja avanturisti\u010dkim, kulturnim i poslovnim putovanjima u VMD-u. Glavni koordinator za aktivnosti MICE \/ Biv\u0161i aktivni \u010dlan (i pro\u010delnik) planinarske sekcije kluba \u201eVELEBIT\u201c, Zagreb. U posljednjih nekoliko godina, ponosna majka i aktivna poslovna \u017eena, koja upravlja VMD timom, kako u idejama, tako i u funkcionalnosti ureda. Edo Vri\u010di\u0107 \u2013 Voditelj programa &amp; marketin\u0161ki koordinator \/ Skoro 10 godina vodi\u010d na putovanjima i aktivan u razvijanju avantura i kulturnih susreta. Glavni koordinator za marketin\u0161ke aktivnosti i standarde kvalitete u VMD timu \/ Edo strastveni je speleolog i planinar, aktivan \u010dlan Speleolo\u0161ke sekcije Planinarskog kluba Velebit. Slobodno vrijeme \u010desto provodi istra\u017euju\u0107i divlji teren dinarskih planina, iznad i pod zemljom. U\u017eiva u ljudima i dijeli ideje i znanja. Na kraju, va\u017eno je re\u0107i da i danas, 20. god. nakon osnutka na\u0161e agencije, \u010dlanovi VMD tima njeguju zdrav i aktivan na\u010din \u017eivota. \u010clanovi smo poznatih hrvatskih planinarskih dru\u0161tava (PDS Velebit, HPD \u017deljezni\u010dar) i prijatelji sa \u010dlanovima drugih dru\u0161tava, bavimo se speleologijom, penjanjem, biciklizmom i planinarenjem, a ponosni smo i na vi\u0161estruku organizaciju skija\u0161kih programa za \u010dlanove Hrvatske Gorske Slu\u017ebe Spa\u0161avanja. Pozivamo vas da zajedno s nama krenete u avanturu zvanu putovanje! Va\u0161 VMD tim<\/p>\n","protected":false},"author":4,"featured_media":1248,"parent":74,"menu_order":6,"comment_status":"open","ping_status":"closed","template":"","meta":[],"_links":{"self":[{"href":"https:\/\/vmd.hr\/hr\/wp-json\/wp\/v2\/pages\/18"}],"collection":[{"href":"https:\/\/vmd.hr\/hr\/wp-json\/wp\/v2\/pages"}],"about":[{"href":"https:\/\/vmd.hr\/hr\/wp-json\/wp\/v2\/types\/page"}],"author":[{"embeddable":true,"href":"https:\/\/vmd.hr\/hr\/wp-json\/wp\/v2\/users\/4"}],"replies":[{"embeddable":true,"href":"https:\/\/vmd.hr\/hr\/wp-json\/wp\/v2\/comments?post=18"}],"version-history":[{"count":8,"href":"https:\/\/vmd.hr\/hr\/wp-json\/wp\/v2\/pages\/18\/revisions"}],"predecessor-version":[{"id":1932,"href":"https:\/\/vmd.hr\/hr\/wp-json\/wp\/v2\/pages\/18\/revisions\/1932"}],"up":[{"embeddable":true,"href":"https:\/\/vmd.hr\/hr\/wp-json\/wp\/v2\/pages\/74"}],"wp:featuredmedia":[{"embeddable":true,"href":"https:\/\/vmd.hr\/hr\/wp-json\/wp\/v2\/media\/1248"}],"wp:attachment":[{"href":"https:\/\/vmd.hr\/hr\/wp-json\/wp\/v2\/media?parent=18"}],"curies":[{"name":"wp","href":"https:\/\/api.w.org\/{rel}","templated":true}]}}