{"id":16,"date":"2014-05-05T18:25:51","date_gmt":"2014-05-05T18:25:51","guid":{"rendered":"http:\/\/vmd.hr\/?page_id=16"},"modified":"2021-05-27T09:27:15","modified_gmt":"2021-05-27T07:27:15","slug":"projekti","status":"publish","type":"page","link":"https:\/\/vmd.hr\/hr\/home\/projekti\/","title":{"rendered":"PROJEKTI"},"content":{"rendered":"<p>VMD Adventure Team i na\u0161i \u010dlanovi sudjeluju u poticanju, promociji i izvedbi raznih dru\u0161tveno korisnih projekata poput:<\/p>\n<p>VIA DINARICA\u00a0<a href=\"http:\/\/www.viadinarica.com\/\">www.viadinarica.com<\/a><\/p>\n<p>\u010cISTO PODZEMLJE\u00a0<a href=\"https:\/\/cistopodzemlje.info\/hr\/\">https:\/\/cistopodzemlje.info\/hr\/<\/a><\/p>\n<p>HRVATSKI SPELEOLO\u0160KI KATASTAR\u00a0<a href=\"http:\/\/www.haop.hr\/hr\/baze-i-portali\/katastar-speleoloskih-objekata-republike-hrvatske\">http:\/\/www.haop.hr\/hr\/baze-i-portali\/katastar-speleoloskih-objekata-republike-hrvatske<\/a><\/p>\n<p>Tako\u0111er, na\u0161i \u010dlanovi aktivno su sudjelovali u raznim volonterskim akcijama (npr. sanacije krovova grada Zagreba, nakon potresa u o\u017eujku 2020), a cijeli na\u0161 kolektiv podr\u017eava i ostale pojedince, institucije i udruge koje se bave za\u0161titom prirode, o\u010duvanjem kulturne ba\u0161tine i sl. poput:<\/p>\n<p>BIOM\u00a0<a href=\"https:\/\/www.biom.hr\/\">https:\/\/www.biom.hr\/<\/a><\/p>\n<p>PRIRODA HRVATSKE (Goran \u0160afarek)\u00a0<a href=\"http:\/\/www.safarek.com\/\">http:\/\/www.safarek.com\/<\/a><\/p>\n<p>Uz suradnju sa raznim projektima i udrugama od dru\u0161tvenog zna\u010daja, VMD se ponosi i svojom ulogom u edukaciji u pustolovnom turizmu. Kroz godine odr\u017eali smo brojne te\u010dajeve za turisti\u010dke pratitelje, seminare i radionice o pustolovnom turizmu kao i sudjelovali u raznim inicijativama potaknutima od obrazovnih ustanova ili turisti\u010dkih stru\u010dnjaka (npr. sudjelovanje u radionicama o tematskom turizmu, organiziranima za NP Paklenica od strane ASPIRA visokog u\u010dili\u0161ta). Vi\u0161e informacija potra\u017eite pod <a href=\"https:\/\/vmd.hr\/hr\/home\/projekti\/edukacije\/\">EDUKACIJE<\/a>.<\/p>\n<p>Uz to, VMD Adventure Team rado \u0107e sa vama podijeliti \u0161to smo vidjeli, do\u017eivjeli i nau\u010dili na na\u0161im turama i istra\u017eiva\u010dkim izletima, kroz fotografije, video isje\u010dke i pri\u010de koje mo\u017eete potra\u017eiti na <a href=\"https:\/\/vmd.hr\/hr\/home\/projekti\/vmd-adventure-blog\/\">VMD ADVENTURE BLOG<\/a>.<\/p>\n<p>Uz te\u010dajeve, programe i ture koje organiziramo i vijesti koje sa vama dijelimo na blogu, nudimo vam i inspiraciju i znanja koja mo\u017eete prona\u0107i u raznim zanimljivim knjigama i vodi\u010dima u izdanju na\u0161eg partnera <a href=\"https:\/\/libricon.hr\">Libricon<\/a>, vode\u0107eg izdava\u010da putopisnih i pustolovnih izdanja u Hrvatskoj. Vi\u0161e o svemu na <a href=\"https:\/\/vmd.hr\/hr\/home\/projekti\/vmd-pustolovna-knjizara\/\">VMD PUSTOLOVNA KNJI\u017dARA<\/a>.<\/p>\n","protected":false},"excerpt":{"rendered":"<p>VMD Adventure Team i na\u0161i \u010dlanovi sudjeluju u poticanju, promociji i izvedbi raznih dru\u0161tveno korisnih projekata poput: VIA DINARICA\u00a0www.viadinarica.com \u010cISTO PODZEMLJE\u00a0https:\/\/cistopodzemlje.info\/hr\/ HRVATSKI SPELEOLO\u0160KI KATASTAR\u00a0http:\/\/www.haop.hr\/hr\/baze-i-portali\/katastar-speleoloskih-objekata-republike-hrvatske Tako\u0111er, na\u0161i \u010dlanovi aktivno su sudjelovali u raznim volonterskim akcijama (npr. sanacije krovova grada Zagreba, nakon potresa u o\u017eujku 2020), a cijeli na\u0161 kolektiv podr\u017eava i ostale pojedince, institucije i udruge koje se bave za\u0161titom prirode, o\u010duvanjem kulturne ba\u0161tine i sl. poput: BIOM\u00a0https:\/\/www.biom.hr\/ PRIRODA HRVATSKE (Goran \u0160afarek)\u00a0http:\/\/www.safarek.com\/ Uz suradnju sa raznim projektima i udrugama od dru\u0161tvenog zna\u010daja, VMD se ponosi i svojom ulogom u edukaciji u pustolovnom turizmu. Kroz godine odr\u017eali smo brojne te\u010dajeve za turisti\u010dke pratitelje, seminare i radionice o pustolovnom turizmu kao i sudjelovali u raznim inicijativama potaknutima od obrazovnih ustanova ili turisti\u010dkih stru\u010dnjaka (npr. sudjelovanje u radionicama o tematskom turizmu, organiziranima za NP Paklenica od strane ASPIRA visokog u\u010dili\u0161ta). Vi\u0161e informacija potra\u017eite pod EDUKACIJE. Uz to, VMD Adventure Team rado \u0107e sa vama podijeliti \u0161to smo vidjeli, do\u017eivjeli i nau\u010dili na na\u0161im turama i istra\u017eiva\u010dkim izletima, kroz fotografije, video isje\u010dke i pri\u010de koje mo\u017eete potra\u017eiti na VMD ADVENTURE BLOG. Uz te\u010dajeve, programe i ture koje organiziramo i vijesti koje sa vama dijelimo na blogu, nudimo vam i inspiraciju i znanja koja mo\u017eete prona\u0107i u raznim zanimljivim knjigama i vodi\u010dima u izdanju na\u0161eg partnera Libricon, vode\u0107eg izdava\u010da putopisnih i pustolovnih izdanja u Hrvatskoj. Vi\u0161e o svemu na VMD PUSTOLOVNA KNJI\u017dARA.<\/p>\n","protected":false},"author":4,"featured_media":1310,"parent":74,"menu_order":5,"comment_status":"open","ping_status":"closed","template":"","meta":[],"_links":{"self":[{"href":"https:\/\/vmd.hr\/hr\/wp-json\/wp\/v2\/pages\/16"}],"collection":[{"href":"https:\/\/vmd.hr\/hr\/wp-json\/wp\/v2\/pages"}],"about":[{"href":"https:\/\/vmd.hr\/hr\/wp-json\/wp\/v2\/types\/page"}],"author":[{"embeddable":true,"href":"https:\/\/vmd.hr\/hr\/wp-json\/wp\/v2\/users\/4"}],"replies":[{"embeddable":true,"href":"https:\/\/vmd.hr\/hr\/wp-json\/wp\/v2\/comments?post=16"}],"version-history":[{"count":11,"href":"https:\/\/vmd.hr\/hr\/wp-json\/wp\/v2\/pages\/16\/revisions"}],"predecessor-version":[{"id":2327,"href":"https:\/\/vmd.hr\/hr\/wp-json\/wp\/v2\/pages\/16\/revisions\/2327"}],"up":[{"embeddable":true,"href":"https:\/\/vmd.hr\/hr\/wp-json\/wp\/v2\/pages\/74"}],"wp:featuredmedia":[{"embeddable":true,"href":"https:\/\/vmd.hr\/hr\/wp-json\/wp\/v2\/media\/1310"}],"wp:attachment":[{"href":"https:\/\/vmd.hr\/hr\/wp-json\/wp\/v2\/media?parent=16"}],"curies":[{"name":"wp","href":"https:\/\/api.w.org\/{rel}","templated":true}]}}