{"id":14,"date":"2014-05-07T18:25:43","date_gmt":"2014-05-07T18:25:43","guid":{"rendered":"http:\/\/vmd.hr\/?page_id=14"},"modified":"2021-04-13T08:40:40","modified_gmt":"2021-04-13T08:40:40","slug":"poslovnjaci","status":"publish","type":"page","link":"https:\/\/vmd.hr\/hr\/home\/poslovnjaci\/","title":{"rendered":"POSLOVNJACI"},"content":{"rendered":"<h2>VMD \u2013 va\u0161e rje\u0161enje za poslovne ideje i investicije u ljudski kapital<\/h2>\n<p>VMD putni\u010dka agencija nudi vam vi\u0161e od 20 god. iskustva u organizaciji visokokvalitetnih poslovnih doga\u0111anja i susreta, kongresa, poticajnih putovanja i team-building programa.<\/p>\n<p>Brzina i fleksibilnost u odgovaranju na zahjeve vas i va\u0161eg klijenta na\u0161a su najve\u0107a snaga, a poznavanje ponude tr\u017ei\u0161ta i kreativni pristup stvaranju programa, na\u0161i su najja\u010di alati u postizanju visoke stope povrata na va\u0161u investiciju.<\/p>\n<p>Nudimo cijeli niz rje\u0161enja za razvoj va\u0161eg poslovanja, od organizacije pojedina\u010dnih doga\u0111anja, susreta i kongresa do kontinuirane podr\u0161ke va\u0161em poslovnom procesu.<\/p>\n<p>Vjerujemo u hrabar, inovativan i poslovno promi\u0161ljeni pristup, a svaki Va\u0161 zahtjev vidimo kao novi izazov u poslovanju!<\/p>\n<p>Veselimo se zajedni\u010dkom poslovanju&#8230;<\/p>\n","protected":false},"excerpt":{"rendered":"<p>VMD \u2013 va\u0161e rje\u0161enje za poslovne ideje i investicije u ljudski kapital VMD putni\u010dka agencija nudi vam vi\u0161e od 20 god. iskustva u organizaciji visokokvalitetnih poslovnih doga\u0111anja i susreta, kongresa, poticajnih putovanja i team-building programa. Brzina i fleksibilnost u odgovaranju na zahjeve vas i va\u0161eg klijenta na\u0161a su najve\u0107a snaga, a poznavanje ponude tr\u017ei\u0161ta i kreativni pristup stvaranju programa, na\u0161i su najja\u010di alati u postizanju visoke stope povrata na va\u0161u investiciju. Nudimo cijeli niz rje\u0161enja za razvoj va\u0161eg poslovanja, od organizacije pojedina\u010dnih doga\u0111anja, susreta i kongresa do kontinuirane podr\u0161ke va\u0161em poslovnom procesu. Vjerujemo u hrabar, inovativan i poslovno promi\u0161ljeni pristup, a svaki Va\u0161 zahtjev vidimo kao novi izazov u poslovanju! Veselimo se zajedni\u010dkom poslovanju&#8230;<\/p>\n","protected":false},"author":4,"featured_media":1385,"parent":74,"menu_order":4,"comment_status":"open","ping_status":"closed","template":"","meta":[],"_links":{"self":[{"href":"https:\/\/vmd.hr\/hr\/wp-json\/wp\/v2\/pages\/14"}],"collection":[{"href":"https:\/\/vmd.hr\/hr\/wp-json\/wp\/v2\/pages"}],"about":[{"href":"https:\/\/vmd.hr\/hr\/wp-json\/wp\/v2\/types\/page"}],"author":[{"embeddable":true,"href":"https:\/\/vmd.hr\/hr\/wp-json\/wp\/v2\/users\/4"}],"replies":[{"embeddable":true,"href":"https:\/\/vmd.hr\/hr\/wp-json\/wp\/v2\/comments?post=14"}],"version-history":[{"count":9,"href":"https:\/\/vmd.hr\/hr\/wp-json\/wp\/v2\/pages\/14\/revisions"}],"predecessor-version":[{"id":1957,"href":"https:\/\/vmd.hr\/hr\/wp-json\/wp\/v2\/pages\/14\/revisions\/1957"}],"up":[{"embeddable":true,"href":"https:\/\/vmd.hr\/hr\/wp-json\/wp\/v2\/pages\/74"}],"wp:featuredmedia":[{"embeddable":true,"href":"https:\/\/vmd.hr\/hr\/wp-json\/wp\/v2\/media\/1385"}],"wp:attachment":[{"href":"https:\/\/vmd.hr\/hr\/wp-json\/wp\/v2\/media?parent=14"}],"curies":[{"name":"wp","href":"https:\/\/api.w.org\/{rel}","templated":true}]}}