{"id":10,"date":"2014-05-07T18:25:25","date_gmt":"2014-05-07T18:25:25","guid":{"rendered":"http:\/\/vmd.hr\/?page_id=10"},"modified":"2021-06-01T12:35:23","modified_gmt":"2021-06-01T10:35:23","slug":"bicikliranje","status":"publish","type":"page","link":"https:\/\/vmd.hr\/hr\/home\/bicikliranje\/","title":{"rendered":"BICIKLIRANJE"},"content":{"rendered":"<p>\u2018Ni\u0161ta se ne mo\u017ee usporediti s jednostavnim zadovoljstvom vo\u017enje bicikla\u2019, rekao je jednom prilikom John F. Kennedy. I zaista, bicikliranje nam daje priliku vidjeti svijet oko nas u jednom druga\u010dijem svjetlu, na jedan druga\u010diji na\u010din\u2026u pokretu!<\/p>\n<p>Bilo da ste biciklisti\u010dki po\u010detnik ili zaljubljenik u biciklizam koji tra\u017ei nove izazove, VMD Adventure Tim vas poziva da se pridru\u017eite na jednoj od na\u0161ih biciklisti\u010dkih izleta i tura \u2013 vjerujemo da \u0107ete prona\u0107i ne\u0161to za sebe!<\/p>\n<p>Na\u0161i educirani vodi\u010di imaju vi\u0161egodi\u0161nje iskustvo u vo\u0111enju biciklisti\u010dkih tura, kao i strast za znanjem o podru\u010dju kojeg posje\u0107ujemo te \u0107e se potruditi da vas na zanimljiv, raznovrstan i siguran na\u010din dublje upoznaju sa krajem u kojem \u2018vozimo\u2019. Dodatnu sigurnost i komfor pru\u017eiti \u0107e i na\u0161e \u2018vozilo za podr\u0161ku\u2019 (support vehicle), koje \u0107e nam biti na raspolaganju tijekom dana, kao spremi\u0161te za vodu i energetske plo\u010dice i napitke koje ponesete, rezervnu odje\u0107u i dijelove za bicikl u slu\u010daju potrebe, kao i za prijevoz na dijelovima ture, za one koji \u0107e eventualno trebati odmor od aktivnosti.<\/p>\n<p>Hrvatska na 2 kota\u010da, uz VMD pustolovni laboratorij!<\/p>\n","protected":false},"excerpt":{"rendered":"<p>\u2018Ni\u0161ta se ne mo\u017ee usporediti s jednostavnim zadovoljstvom vo\u017enje bicikla\u2019, rekao je jednom prilikom John F. Kennedy. I zaista, bicikliranje nam daje priliku vidjeti svijet oko nas u jednom druga\u010dijem svjetlu, na jedan druga\u010diji na\u010din\u2026u pokretu! Bilo da ste biciklisti\u010dki po\u010detnik ili zaljubljenik u biciklizam koji tra\u017ei nove izazove, VMD Adventure Tim vas poziva da se pridru\u017eite na jednoj od na\u0161ih biciklisti\u010dkih izleta i tura \u2013 vjerujemo da \u0107ete prona\u0107i ne\u0161to za sebe! Na\u0161i educirani vodi\u010di imaju vi\u0161egodi\u0161nje iskustvo u vo\u0111enju biciklisti\u010dkih tura, kao i strast za znanjem o podru\u010dju kojeg posje\u0107ujemo te \u0107e se potruditi da vas na zanimljiv, raznovrstan i siguran na\u010din dublje upoznaju sa krajem u kojem \u2018vozimo\u2019. Dodatnu sigurnost i komfor pru\u017eiti \u0107e i na\u0161e \u2018vozilo za podr\u0161ku\u2019 (support vehicle), koje \u0107e nam biti na raspolaganju tijekom dana, kao spremi\u0161te za vodu i energetske plo\u010dice i napitke koje ponesete, rezervnu odje\u0107u i dijelove za bicikl u slu\u010daju potrebe, kao i za prijevoz na dijelovima ture, za one koji \u0107e eventualno trebati odmor od aktivnosti. Hrvatska na 2 kota\u010da, uz VMD pustolovni laboratorij!<\/p>\n","protected":false},"author":4,"featured_media":2068,"parent":74,"menu_order":2,"comment_status":"open","ping_status":"closed","template":"","meta":[],"_links":{"self":[{"href":"https:\/\/vmd.hr\/hr\/wp-json\/wp\/v2\/pages\/10"}],"collection":[{"href":"https:\/\/vmd.hr\/hr\/wp-json\/wp\/v2\/pages"}],"about":[{"href":"https:\/\/vmd.hr\/hr\/wp-json\/wp\/v2\/types\/page"}],"author":[{"embeddable":true,"href":"https:\/\/vmd.hr\/hr\/wp-json\/wp\/v2\/users\/4"}],"replies":[{"embeddable":true,"href":"https:\/\/vmd.hr\/hr\/wp-json\/wp\/v2\/comments?post=10"}],"version-history":[{"count":22,"href":"https:\/\/vmd.hr\/hr\/wp-json\/wp\/v2\/pages\/10\/revisions"}],"predecessor-version":[{"id":2401,"href":"https:\/\/vmd.hr\/hr\/wp-json\/wp\/v2\/pages\/10\/revisions\/2401"}],"up":[{"embeddable":true,"href":"https:\/\/vmd.hr\/hr\/wp-json\/wp\/v2\/pages\/74"}],"wp:featuredmedia":[{"embeddable":true,"href":"https:\/\/vmd.hr\/hr\/wp-json\/wp\/v2\/media\/2068"}],"wp:attachment":[{"href":"https:\/\/vmd.hr\/hr\/wp-json\/wp\/v2\/media?parent=10"}],"curies":[{"name":"wp","href":"https:\/\/api.w.org\/{rel}","templated":true}]}}